{"id":1304,"date":"2024-06-17T23:16:39","date_gmt":"2024-06-17T20:16:39","guid":{"rendered":"https:\/\/collagenshot.ro\/?post_type=product&#038;p=1304"},"modified":"2025-01-15T10:03:39","modified_gmt":"2025-01-15T08:03:39","slug":"confezione-collagen-revolution-moon-shot-sun-shot-30-flaconi-x-25ml","status":"publish","type":"product","link":"https:\/\/collagenshot.ro\/it\/produs\/pachet-collagen-revolution-moon-shot-sun-shot-30-sticlute-x-25ml\/","title":{"rendered":"Confezione Collagen Revolution Moon Shot &amp; Sun Shot, 30 fiale x 25 ml"},"content":{"rendered":"<div class=\"product-page-description-text\">\n<div id=\"description-body\" class=\"collapse-offset collapse in\">\n<p><strong>Colpo lunare al collagene<\/strong> \u00e8 composto da idrolizzati di collagene a bassissimo peso molecolare (&lt;1000 Dalton) ed \u00e8 un integratore alimentare con peptidi di collagene, vitamine, minerali, melatonina e dolcificante stevia.<\/p>\n<p><b>Elenco degli ingredienti:<\/b><\/p>\n<table>\n<tbody>\n<tr>\n<td><b>INGREDIENTE<\/b><\/td>\n<td><b>L&#039;IMPORTO<\/b><\/td>\n<\/tr>\n<tr>\n<td><span style=\"font-weight: 400\">Principi attivi:<\/span><\/td>\n<td><b>4)<\/b><\/td>\n<\/tr>\n<tr>\n<td><span style=\"font-weight: 400\">Magnesio<\/span><\/td>\n<td><span style=\"font-weight: 400\">119 mg<\/span><\/td>\n<\/tr>\n<tr>\n<td><span style=\"font-weight: 400\">vitamina C<\/span><\/td>\n<td><span style=\"font-weight: 400\">80 mg<\/span><\/td>\n<\/tr>\n<tr>\n<td><span style=\"font-weight: 400\">Zinco<\/span><\/td>\n<td><span style=\"font-weight: 400\">5,0mg<\/span><\/td>\n<\/tr>\n<tr>\n<td><span style=\"font-weight: 400\">Vitamina B6<\/span><\/td>\n<td><span style=\"font-weight: 400\">3,0mg<\/span><\/td>\n<\/tr>\n<tr>\n<td><span style=\"font-weight: 400\">Acido folico (folato)<\/span><\/td>\n<td><span style=\"font-weight: 400\">200 microgrammi<\/span><\/td>\n<\/tr>\n<tr>\n<td><\/td>\n<td><\/td>\n<\/tr>\n<tr>\n<td><span style=\"font-weight: 400\">Eccipienti:<\/span><\/td>\n<td><b>4)<\/b><\/td>\n<\/tr>\n<tr>\n<td><span style=\"font-weight: 400\">Peptidi di collagene<\/span><span style=\"font-weight: 400\"><br \/>\n<\/span><\/td>\n<td><span style=\"font-weight: 400\">1.59\u00a0<\/span><span style=\"font-weight: 400\"><br \/>\n<\/span><\/td>\n<\/tr>\n<tr>\n<td><span style=\"font-weight: 400\">Melatonina<\/span><span style=\"font-weight: 400\"><br \/>\n<\/span><\/td>\n<td><span style=\"font-weight: 400\">1,0 mg<\/span><\/td>\n<\/tr>\n<\/tbody>\n<\/table>\n<\/div>\n<\/div>\n<p>&#8211;&#8211;&#8211;&#8211;&#8211;&#8211;&#8211;&#8211;&#8211;<\/p>\n<div class=\"product-page-description-text\">\n<div id=\"description-body\" class=\"collapse-offset collapse in\">\n<p>Collagen Sun shot \u00e8 composto da idrolizzati di collagene a bassissimo peso molecolare (&lt;1000 Dalton) ed \u00e8 un integratore alimentare con peptidi di collagene, estratto di t\u00e8 verde, caffeina, vitamine, minerali e dolcificante stevia.<\/p>\n<p><b>Elenco degli ingredienti:<\/b><\/p>\n<table>\n<tbody>\n<tr>\n<td><b>INGREDIENTE<\/b><\/td>\n<td><b>L&#039;IMPORTO<\/b><\/td>\n<\/tr>\n<tr>\n<td><span style=\"font-weight: 400\">Principi attivi:<\/span><\/td>\n<td><b>4)<\/b><\/td>\n<\/tr>\n<tr>\n<td><span style=\"font-weight: 400\">Manganese<\/span><\/td>\n<td><span style=\"font-weight: 400\">1,4 mg<\/span><\/td>\n<\/tr>\n<tr>\n<td><span style=\"font-weight: 400\">vitamina C<\/span><\/td>\n<td><span style=\"font-weight: 400\">80 mg<\/span><\/td>\n<\/tr>\n<tr>\n<td><span style=\"font-weight: 400\">Zinco<\/span><\/td>\n<td><span style=\"font-weight: 400\">5,0mg<\/span><\/td>\n<\/tr>\n<tr>\n<td><span style=\"font-weight: 400\">biotina<\/span><\/p>\n<p><span style=\"font-weight: 400\">Rame<\/span><\/td>\n<td><span style=\"font-weight: 400\">2500 \u00b5g<\/span><\/p>\n<p><span style=\"font-weight: 400\">1,0 mg<\/span><\/td>\n<\/tr>\n<tr>\n<td><span style=\"font-weight: 400\">Niacina (mg NE)<\/span><\/td>\n<td><span style=\"font-weight: 400\">50 mg<\/span><\/td>\n<\/tr>\n<tr>\n<td><\/td>\n<td><\/td>\n<\/tr>\n<tr>\n<td><span style=\"font-weight: 400\">Eccipienti:<\/span><\/td>\n<td><b>4)<\/b><\/td>\n<\/tr>\n<tr>\n<td><span style=\"font-weight: 400\">Peptidi di collagene<\/span><\/td>\n<td><span style=\"font-weight: 400\">1,59 g<\/span><\/td>\n<\/tr>\n<tr>\n<td><span style=\"font-weight: 400\">Caffeina (totale)<\/span><\/td>\n<td><span style=\"font-weight: 400\">70 mg<\/span><\/td>\n<\/tr>\n<tr>\n<td><\/td>\n<td><\/td>\n<\/tr>\n<\/tbody>\n<\/table>\n<\/div>\n<\/div>","protected":false},"excerpt":{"rendered":"<div class=\"product-page-description-text\">\n<div id=\"description-body\" class=\"collapse-offset collapse in\">\n<p><strong>Colpo lunare al collagene<\/strong> \u00e8 composto da idrolizzati di collagene a bassissimo peso molecolare (&lt;1000 Dalton) ed \u00e8 un integratore alimentare con peptidi di collagene, vitamine, minerali e dolcificante stevia.<\/p>\n<p><strong>Colpo solare al collagene<\/strong> \u00e8 composto da idrolizzati di collagene a bassissimo peso molecolare (&lt;1000 Dalton) ed \u00e8 un integratore alimentare con peptidi di collagene, estratto di t\u00e8 verde, caffeina, vitamine, minerali e dolcificante stevia.<\/p>\n<\/div>\n<\/div>\n<p><strong>Gli ordini vengono consegnati tramite corriere Sameday in 3 giorni lavorativi.<\/strong><br \/>\n<strong>Il costo di consegna \u00e8 di 15 lei e per ordini superiori a 300 lei la consegna \u00e8 GRATUITA!<\/strong><\/p>","protected":false},"featured_media":1306,"comment_status":"open","ping_status":"closed","template":"","meta":{"_acf_changed":false},"product_brand":[],"product_cat":[44],"product_tag":[],"class_list":{"0":"post-1304","1":"product","2":"type-product","3":"status-publish","4":"has-post-thumbnail","6":"product_cat-collagen","8":"first","9":"instock","10":"sale","11":"shipping-taxable","12":"purchasable","13":"product-type-simple"},"acf":[],"aioseo_notices":[],"aioseo_head":"\n\t\t<!-- All in One SEO Pro 4.9.6.2 - aioseo.com -->\n\t<meta name=\"description\" content=\"Collagen Moon Shot este fabricat din hidrolizati de colagen cu greutate moleculara extrem de scazuta (\" \/>\n\t<meta name=\"robots\" content=\"max-image-preview:large\" \/>\n\t<link rel=\"canonical\" href=\"https:\/\/collagenshot.ro\/it\/produs\/pachet-collagen-revolution-moon-shot-sun-shot-30-sticlute-x-25ml\/\" \/>\n\t<meta name=\"generator\" content=\"All in One SEO Pro (AIOSEO) 4.9.6.2\" \/>\n\t\t<meta property=\"og:locale\" content=\"it_IT\" \/>\n\t\t<meta property=\"og:site_name\" content=\"Collagen Shot -\" \/>\n\t\t<meta property=\"og:type\" content=\"article\" \/>\n\t\t<meta property=\"og:title\" content=\"Pachet Collagen Revolution Moon Shot &amp; Sun Shot, 30 fiole x 25ml - Collagen Shot\" \/>\n\t\t<meta property=\"og:description\" content=\"Collagen Moon Shot este fabricat din hidrolizati de colagen cu greutate moleculara extrem de scazuta (\" \/>\n\t\t<meta property=\"og:url\" content=\"https:\/\/collagenshot.ro\/it\/produs\/pachet-collagen-revolution-moon-shot-sun-shot-30-sticlute-x-25ml\/\" \/>\n\t\t<meta property=\"og:image\" content=\"https:\/\/collagenshot.ro\/wp-content\/uploads\/2024\/06\/collagen-dialog-image-01.jpg\" \/>\n\t\t<meta property=\"og:image:secure_url\" content=\"https:\/\/collagenshot.ro\/wp-content\/uploads\/2024\/06\/collagen-dialog-image-01.jpg\" \/>\n\t\t<meta property=\"og:image:width\" content=\"1600\" \/>\n\t\t<meta property=\"og:image:height\" content=\"1322\" \/>\n\t\t<meta property=\"article:published_time\" content=\"2024-06-17T20:16:39+00:00\" \/>\n\t\t<meta property=\"article:modified_time\" content=\"2025-01-15T08:03:39+00:00\" \/>\n\t\t<meta name=\"twitter:card\" content=\"summary_large_image\" \/>\n\t\t<meta name=\"twitter:title\" content=\"Pachet Collagen Revolution Moon Shot &amp; Sun Shot, 30 fiole x 25ml - Collagen Shot\" \/>\n\t\t<meta name=\"twitter:description\" content=\"Collagen Moon Shot este fabricat din hidrolizati de colagen cu greutate moleculara extrem de scazuta (\" \/>\n\t\t<meta name=\"twitter:image\" content=\"https:\/\/collagenshot.ro\/wp-content\/uploads\/2024\/06\/collagen-dialog-image-01.jpg\" \/>\n\t\t<script type=\"application\/ld+json\" class=\"aioseo-schema\">\n\t\t\t{\"@context\":\"https:\\\/\\\/schema.org\",\"@graph\":[{\"@type\":\"BreadcrumbList\",\"@id\":\"https:\\\/\\\/collagenshot.ro\\\/it\\\/produs\\\/pachet-collagen-revolution-moon-shot-sun-shot-30-sticlute-x-25ml\\\/#breadcrumblist\",\"itemListElement\":[{\"@type\":\"ListItem\",\"@id\":\"https:\\\/\\\/collagenshot.ro\\\/it#listItem\",\"position\":1,\"name\":\"Home\",\"item\":\"https:\\\/\\\/collagenshot.ro\\\/it\",\"nextItem\":{\"@type\":\"ListItem\",\"@id\":\"https:\\\/\\\/collagenshot.ro\\\/it\\\/shop\\\/#listItem\",\"name\":\"Shop\"}},{\"@type\":\"ListItem\",\"@id\":\"https:\\\/\\\/collagenshot.ro\\\/it\\\/shop\\\/#listItem\",\"position\":2,\"name\":\"Shop\",\"item\":\"https:\\\/\\\/collagenshot.ro\\\/it\\\/shop\\\/\",\"nextItem\":{\"@type\":\"ListItem\",\"@id\":\"https:\\\/\\\/collagenshot.ro\\\/it\\\/categorie-produs\\\/collagen\\\/#listItem\",\"name\":\"Collagen\"},\"previousItem\":{\"@type\":\"ListItem\",\"@id\":\"https:\\\/\\\/collagenshot.ro\\\/it#listItem\",\"name\":\"Home\"}},{\"@type\":\"ListItem\",\"@id\":\"https:\\\/\\\/collagenshot.ro\\\/it\\\/categorie-produs\\\/collagen\\\/#listItem\",\"position\":3,\"name\":\"Collagen\",\"item\":\"https:\\\/\\\/collagenshot.ro\\\/it\\\/categorie-produs\\\/collagen\\\/\",\"nextItem\":{\"@type\":\"ListItem\",\"@id\":\"https:\\\/\\\/collagenshot.ro\\\/it\\\/produs\\\/pachet-collagen-revolution-moon-shot-sun-shot-30-sticlute-x-25ml\\\/#listItem\",\"name\":\"Pachet Collagen Revolution Moon Shot &amp; Sun Shot, 30 fiole x 25ml\"},\"previousItem\":{\"@type\":\"ListItem\",\"@id\":\"https:\\\/\\\/collagenshot.ro\\\/it\\\/shop\\\/#listItem\",\"name\":\"Shop\"}},{\"@type\":\"ListItem\",\"@id\":\"https:\\\/\\\/collagenshot.ro\\\/it\\\/produs\\\/pachet-collagen-revolution-moon-shot-sun-shot-30-sticlute-x-25ml\\\/#listItem\",\"position\":4,\"name\":\"Pachet Collagen Revolution Moon Shot &amp; Sun Shot, 30 fiole x 25ml\",\"previousItem\":{\"@type\":\"ListItem\",\"@id\":\"https:\\\/\\\/collagenshot.ro\\\/it\\\/categorie-produs\\\/collagen\\\/#listItem\",\"name\":\"Collagen\"}}]},{\"@type\":\"Organization\",\"@id\":\"https:\\\/\\\/collagenshot.ro\\\/it\\\/#organization\",\"name\":\"Collagen Shot\",\"url\":\"https:\\\/\\\/collagenshot.ro\\\/it\\\/\",\"telephone\":\"+40772276101\",\"logo\":{\"@type\":\"ImageObject\",\"url\":\"https:\\\/\\\/collagenshot.ro\\\/wp-content\\\/uploads\\\/2024\\\/06\\\/apple-touch-icon.png\",\"@id\":\"https:\\\/\\\/collagenshot.ro\\\/it\\\/produs\\\/pachet-collagen-revolution-moon-shot-sun-shot-30-sticlute-x-25ml\\\/#organizationLogo\",\"width\":180,\"height\":180},\"image\":{\"@id\":\"https:\\\/\\\/collagenshot.ro\\\/it\\\/produs\\\/pachet-collagen-revolution-moon-shot-sun-shot-30-sticlute-x-25ml\\\/#organizationLogo\"}},{\"@type\":\"Product\",\"@id\":\"https:\\\/\\\/collagenshot.ro\\\/it\\\/produs\\\/pachet-collagen-revolution-moon-shot-sun-shot-30-sticlute-x-25ml\\\/#wooCommerceProduct\",\"name\":\"Pachet Collagen Revolution Moon Shot &amp; Sun Shot, 30 fiole x 25ml\",\"description\":\"Collagen Moon Shot este fabricat din hidrolizati de colagen cu greutate moleculara extrem de scazuta (&lt;1000 Daltoni) si este un supliment alimentar cu peptide de colagen, vitamine, minerale si indulcitor stevie.\\r\\n\\r\\nCollagen Sun Shot este fabricat din hidrolizati de colagen cu greutate moleculara extrem de scazuta (&lt;1000 Daltoni) si este un supliment alimentar cu peptide de colagen, extract de ceai verde, cofeina, vitamine, minerale si indulcitor stevie.\\r\\n\\r\\n\\r\\n\\r\\nComenzile sunt livrate prin curierul Sameday \\u00een 3 zile lucr\\u0103toare.\\r\\nCostul livr\\u0103rii este de 15 lei, iar pentru comenzile de peste 300 lei, livrarea este GRATUIT\\u0102!\",\"url\":\"https:\\\/\\\/collagenshot.ro\\\/it\\\/produs\\\/pachet-collagen-revolution-moon-shot-sun-shot-30-sticlute-x-25ml\\\/\",\"image\":{\"@type\":\"ImageObject\",\"url\":\"https:\\\/\\\/collagenshot.ro\\\/wp-content\\\/uploads\\\/2024\\\/06\\\/collagenShotMoon-Sun.jpg\",\"@id\":\"https:\\\/\\\/collagenshot.ro\\\/it\\\/produs\\\/pachet-collagen-revolution-moon-shot-sun-shot-30-sticlute-x-25ml\\\/#productImage\",\"width\":1600,\"height\":1600},\"offers\":{\"@type\":\"Offer\",\"url\":\"https:\\\/\\\/collagenshot.ro\\\/it\\\/produs\\\/pachet-collagen-revolution-moon-shot-sun-shot-30-sticlute-x-25ml\\\/#wooCommerceOffer\",\"price\":350,\"priceCurrency\":\"RON\",\"category\":\"Collagen\",\"availability\":\"https:\\\/\\\/schema.org\\\/InStock\",\"priceSpecification\":{\"@type\":\"PriceSpecification\",\"price\":350,\"priceCurrency\":\"RON\",\"valueAddedTaxIncluded\":\"true\"},\"seller\":{\"@type\":\"Organization\",\"@id\":\"https:\\\/\\\/collagenshot.ro\\\/it\\\/#organization\"}}},{\"@type\":\"WebPage\",\"@id\":\"https:\\\/\\\/collagenshot.ro\\\/it\\\/produs\\\/pachet-collagen-revolution-moon-shot-sun-shot-30-sticlute-x-25ml\\\/#webpage\",\"url\":\"https:\\\/\\\/collagenshot.ro\\\/it\\\/produs\\\/pachet-collagen-revolution-moon-shot-sun-shot-30-sticlute-x-25ml\\\/\",\"name\":\"Pachet Collagen Revolution Moon Shot & Sun Shot, 30 fiole x 25ml - Collagen Shot\",\"description\":\"Collagen Moon Shot este fabricat din hidrolizati de colagen cu greutate moleculara extrem de scazuta (\",\"inLanguage\":\"it-IT\",\"isPartOf\":{\"@id\":\"https:\\\/\\\/collagenshot.ro\\\/it\\\/#website\"},\"breadcrumb\":{\"@id\":\"https:\\\/\\\/collagenshot.ro\\\/it\\\/produs\\\/pachet-collagen-revolution-moon-shot-sun-shot-30-sticlute-x-25ml\\\/#breadcrumblist\"},\"image\":{\"@type\":\"ImageObject\",\"url\":\"https:\\\/\\\/collagenshot.ro\\\/wp-content\\\/uploads\\\/2024\\\/06\\\/collagenShotMoon-Sun.jpg\",\"@id\":\"https:\\\/\\\/collagenshot.ro\\\/it\\\/produs\\\/pachet-collagen-revolution-moon-shot-sun-shot-30-sticlute-x-25ml\\\/#mainImage\",\"width\":1600,\"height\":1600},\"primaryImageOfPage\":{\"@id\":\"https:\\\/\\\/collagenshot.ro\\\/it\\\/produs\\\/pachet-collagen-revolution-moon-shot-sun-shot-30-sticlute-x-25ml\\\/#mainImage\"},\"datePublished\":\"2024-06-17T23:16:39+03:00\",\"dateModified\":\"2025-01-15T10:03:39+02:00\"},{\"@type\":\"WebSite\",\"@id\":\"https:\\\/\\\/collagenshot.ro\\\/it\\\/#website\",\"url\":\"https:\\\/\\\/collagenshot.ro\\\/it\\\/\",\"name\":\"Collagen Shot\",\"inLanguage\":\"it-IT\",\"publisher\":{\"@id\":\"https:\\\/\\\/collagenshot.ro\\\/it\\\/#organization\"}}]}\n\t\t<\/script>\n\t\t<!-- All in One SEO Pro -->\r\n\t\t<title>Pachet Collagen Revolution Moon Shot &amp; Sun Shot, 30 fiole x 25ml - Collagen Shot<\/title>\n\n","aioseo_head_json":{"title":"Confezione Collagen Revolution Moon Shot &amp; Sun Shot, 30 fiale x 25 ml - Collagen Shot","description":"Collagen Moon Shot \u00e8 composto da idrolizzati di collagene con peso molecolare estremamente basso (","canonical_url":"https:\/\/collagenshot.ro\/it\/produs\/pachet-collagen-revolution-moon-shot-sun-shot-30-sticlute-x-25ml\/","robots":"max-image-preview:large","keywords":"","webmasterTools":{"miscellaneous":""},"schema":{"@context":"https:\/\/schema.org","@graph":[{"@type":"BreadcrumbList","@id":"https:\/\/collagenshot.ro\/it\/produs\/pachet-collagen-revolution-moon-shot-sun-shot-30-sticlute-x-25ml\/#breadcrumblist","itemListElement":[{"@type":"ListItem","@id":"https:\/\/collagenshot.ro\/it#listItem","position":1,"name":"Home","item":"https:\/\/collagenshot.ro\/it","nextItem":{"@type":"ListItem","@id":"https:\/\/collagenshot.ro\/it\/shop\/#listItem","name":"Shop"}},{"@type":"ListItem","@id":"https:\/\/collagenshot.ro\/it\/shop\/#listItem","position":2,"name":"Shop","item":"https:\/\/collagenshot.ro\/it\/shop\/","nextItem":{"@type":"ListItem","@id":"https:\/\/collagenshot.ro\/it\/categorie-produs\/collagen\/#listItem","name":"Collagen"},"previousItem":{"@type":"ListItem","@id":"https:\/\/collagenshot.ro\/it#listItem","name":"Home"}},{"@type":"ListItem","@id":"https:\/\/collagenshot.ro\/it\/categorie-produs\/collagen\/#listItem","position":3,"name":"Collagen","item":"https:\/\/collagenshot.ro\/it\/categorie-produs\/collagen\/","nextItem":{"@type":"ListItem","@id":"https:\/\/collagenshot.ro\/it\/produs\/pachet-collagen-revolution-moon-shot-sun-shot-30-sticlute-x-25ml\/#listItem","name":"Pachet Collagen Revolution Moon Shot &amp; Sun Shot, 30 fiole x 25ml"},"previousItem":{"@type":"ListItem","@id":"https:\/\/collagenshot.ro\/it\/shop\/#listItem","name":"Shop"}},{"@type":"ListItem","@id":"https:\/\/collagenshot.ro\/it\/produs\/pachet-collagen-revolution-moon-shot-sun-shot-30-sticlute-x-25ml\/#listItem","position":4,"name":"Pachet Collagen Revolution Moon Shot &amp; Sun Shot, 30 fiole x 25ml","previousItem":{"@type":"ListItem","@id":"https:\/\/collagenshot.ro\/it\/categorie-produs\/collagen\/#listItem","name":"Collagen"}}]},{"@type":"Organization","@id":"https:\/\/collagenshot.ro\/it\/#organization","name":"Collagen Shot","url":"https:\/\/collagenshot.ro\/it\/","telephone":"+40772276101","logo":{"@type":"ImageObject","url":"https:\/\/collagenshot.ro\/wp-content\/uploads\/2024\/06\/apple-touch-icon.png","@id":"https:\/\/collagenshot.ro\/it\/produs\/pachet-collagen-revolution-moon-shot-sun-shot-30-sticlute-x-25ml\/#organizationLogo","width":180,"height":180},"image":{"@id":"https:\/\/collagenshot.ro\/it\/produs\/pachet-collagen-revolution-moon-shot-sun-shot-30-sticlute-x-25ml\/#organizationLogo"}},{"@type":"Product","@id":"https:\/\/collagenshot.ro\/it\/produs\/pachet-collagen-revolution-moon-shot-sun-shot-30-sticlute-x-25ml\/#wooCommerceProduct","name":"Pachet Collagen Revolution Moon Shot &amp; Sun Shot, 30 fiole x 25ml","description":"Collagen Moon Shot este fabricat din hidrolizati de colagen cu greutate moleculara extrem de scazuta (&lt;1000 Daltoni) si este un supliment alimentar cu peptide de colagen, vitamine, minerale si indulcitor stevie.\r\n\r\nCollagen Sun Shot este fabricat din hidrolizati de colagen cu greutate moleculara extrem de scazuta (&lt;1000 Daltoni) si este un supliment alimentar cu peptide de colagen, extract de ceai verde, cofeina, vitamine, minerale si indulcitor stevie.\r\n\r\n\r\n\r\nComenzile sunt livrate prin curierul Sameday \u00een 3 zile lucr\u0103toare.\r\nCostul livr\u0103rii este de 15 lei, iar pentru comenzile de peste 300 lei, livrarea este GRATUIT\u0102!","url":"https:\/\/collagenshot.ro\/it\/produs\/pachet-collagen-revolution-moon-shot-sun-shot-30-sticlute-x-25ml\/","image":{"@type":"ImageObject","url":"https:\/\/collagenshot.ro\/wp-content\/uploads\/2024\/06\/collagenShotMoon-Sun.jpg","@id":"https:\/\/collagenshot.ro\/it\/produs\/pachet-collagen-revolution-moon-shot-sun-shot-30-sticlute-x-25ml\/#productImage","width":1600,"height":1600},"offers":{"@type":"Offer","url":"https:\/\/collagenshot.ro\/it\/produs\/pachet-collagen-revolution-moon-shot-sun-shot-30-sticlute-x-25ml\/#wooCommerceOffer","price":350,"priceCurrency":"RON","category":"Collagen","availability":"https:\/\/schema.org\/InStock","priceSpecification":{"@type":"PriceSpecification","price":350,"priceCurrency":"RON","valueAddedTaxIncluded":"true"},"seller":{"@type":"Organization","@id":"https:\/\/collagenshot.ro\/it\/#organization"}}},{"@type":"WebPage","@id":"https:\/\/collagenshot.ro\/it\/produs\/pachet-collagen-revolution-moon-shot-sun-shot-30-sticlute-x-25ml\/#webpage","url":"https:\/\/collagenshot.ro\/it\/produs\/pachet-collagen-revolution-moon-shot-sun-shot-30-sticlute-x-25ml\/","name":"Pachet Collagen Revolution Moon Shot & Sun Shot, 30 fiole x 25ml - Collagen Shot","description":"Collagen Moon Shot este fabricat din hidrolizati de colagen cu greutate moleculara extrem de scazuta (","inLanguage":"it-IT","isPartOf":{"@id":"https:\/\/collagenshot.ro\/it\/#website"},"breadcrumb":{"@id":"https:\/\/collagenshot.ro\/it\/produs\/pachet-collagen-revolution-moon-shot-sun-shot-30-sticlute-x-25ml\/#breadcrumblist"},"image":{"@type":"ImageObject","url":"https:\/\/collagenshot.ro\/wp-content\/uploads\/2024\/06\/collagenShotMoon-Sun.jpg","@id":"https:\/\/collagenshot.ro\/it\/produs\/pachet-collagen-revolution-moon-shot-sun-shot-30-sticlute-x-25ml\/#mainImage","width":1600,"height":1600},"primaryImageOfPage":{"@id":"https:\/\/collagenshot.ro\/it\/produs\/pachet-collagen-revolution-moon-shot-sun-shot-30-sticlute-x-25ml\/#mainImage"},"datePublished":"2024-06-17T23:16:39+03:00","dateModified":"2025-01-15T10:03:39+02:00"},{"@type":"WebSite","@id":"https:\/\/collagenshot.ro\/it\/#website","url":"https:\/\/collagenshot.ro\/it\/","name":"Collagen Shot","inLanguage":"it-IT","publisher":{"@id":"https:\/\/collagenshot.ro\/it\/#organization"}}]},"og:locale":"it_IT","og:site_name":"Collagen Shot -","og:type":"article","og:title":"Pachet Collagen Revolution Moon Shot &amp; Sun Shot, 30 fiole x 25ml - Collagen Shot","og:description":"Collagen Moon Shot este fabricat din hidrolizati de colagen cu greutate moleculara extrem de scazuta (","og:url":"https:\/\/collagenshot.ro\/it\/produs\/pachet-collagen-revolution-moon-shot-sun-shot-30-sticlute-x-25ml\/","og:image":"https:\/\/collagenshot.ro\/wp-content\/uploads\/2024\/06\/collagen-dialog-image-01.jpg","og:image:secure_url":"https:\/\/collagenshot.ro\/wp-content\/uploads\/2024\/06\/collagen-dialog-image-01.jpg","og:image:width":1600,"og:image:height":1322,"article:published_time":"2024-06-17T20:16:39+00:00","article:modified_time":"2025-01-15T08:03:39+00:00","twitter:card":"summary_large_image","twitter:title":"Pachet Collagen Revolution Moon Shot &amp; Sun Shot, 30 fiole x 25ml - Collagen Shot","twitter:description":"Collagen Moon Shot este fabricat din hidrolizati de colagen cu greutate moleculara extrem de scazuta (","twitter:image":"https:\/\/collagenshot.ro\/wp-content\/uploads\/2024\/06\/collagen-dialog-image-01.jpg"},"aioseo_meta_data":{"post_id":"1304","title":null,"description":null,"keywords":null,"keyphrases":{"focus":{"keyphrase":"","score":0,"analysis":{"keyphraseInTitle":{"score":0,"maxScore":9,"error":1}}},"additional":[]},"primary_term":null,"canonical_url":null,"og_title":null,"og_description":null,"og_object_type":"default","og_image_type":"default","og_image_url":null,"og_image_width":null,"og_image_height":null,"og_image_custom_url":null,"og_image_custom_fields":null,"og_video":"","og_custom_url":null,"og_article_section":null,"og_article_tags":null,"twitter_use_og":false,"twitter_card":"default","twitter_image_type":"default","twitter_image_url":null,"twitter_image_custom_url":null,"twitter_image_custom_fields":null,"twitter_title":null,"twitter_description":null,"schema":{"blockGraphs":[],"customGraphs":[],"default":{"data":{"Article":[],"Course":[],"Dataset":[],"FAQPage":[],"Movie":[],"Person":[],"Product":[],"ProductReview":[],"Car":[],"Recipe":[],"Service":[],"SoftwareApplication":[],"WebPage":[]},"graphName":"Product","isEnabled":true},"graphs":[]},"schema_type":"default","schema_type_options":null,"pillar_content":false,"robots_default":true,"robots_noindex":false,"robots_noarchive":false,"robots_nosnippet":false,"robots_nofollow":false,"robots_noimageindex":false,"robots_noodp":false,"robots_notranslate":false,"robots_max_snippet":"-1","robots_max_videopreview":"-1","robots_max_imagepreview":"large","priority":null,"frequency":"default","local_seo":null,"seo_analyzer_scan_date":"2025-08-15 04:30:37","breadcrumb_settings":null,"limit_modified_date":false,"open_ai":"{\"title\":{\"suggestions\":[],\"usage\":0},\"description\":{\"suggestions\":[],\"usage\":0}}","ai":null,"created":"2024-06-17 20:16:41","updated":"2025-10-22 01:38:03"},"aioseo_breadcrumb":"<div class=\"aioseo-breadcrumbs\"><span class=\"aioseo-breadcrumb\">\n\t<a href=\"https:\/\/collagenshot.ro\/it\" title=\"Home\">Home<\/a>\n<\/span><span class=\"aioseo-breadcrumb-separator\">&raquo;<\/span><span class=\"aioseo-breadcrumb\">\n\t<a href=\"https:\/\/collagenshot.ro\/it\/shop\/\" title=\"Shop\">Shop<\/a>\n<\/span><span class=\"aioseo-breadcrumb-separator\">&raquo;<\/span><span class=\"aioseo-breadcrumb\">\n\t<a href=\"https:\/\/collagenshot.ro\/it\/categorie-produs\/collagen\/\" title=\"Collagen\">Collagen<\/a>\n<\/span><span class=\"aioseo-breadcrumb-separator\">&raquo;<\/span><span class=\"aioseo-breadcrumb\">\n\tPachet Collagen Revolution Moon Shot &amp; Sun Shot, 30 fiole x 25ml\n<\/span><\/div>","aioseo_breadcrumb_json":[{"label":"Home","link":"https:\/\/collagenshot.ro\/it"},{"label":"Shop","link":"https:\/\/collagenshot.ro\/it\/shop\/"},{"label":"Collagen","link":"https:\/\/collagenshot.ro\/it\/categorie-produs\/collagen\/"},{"label":"Pachet Collagen Revolution Moon Shot &amp; Sun Shot, 30 fiole x 25ml","link":"https:\/\/collagenshot.ro\/it\/produs\/pachet-collagen-revolution-moon-shot-sun-shot-30-sticlute-x-25ml\/"}],"_links":{"self":[{"href":"https:\/\/collagenshot.ro\/it\/wp-json\/wp\/v2\/product\/1304","targetHints":{"allow":["GET"]}}],"collection":[{"href":"https:\/\/collagenshot.ro\/it\/wp-json\/wp\/v2\/product"}],"about":[{"href":"https:\/\/collagenshot.ro\/it\/wp-json\/wp\/v2\/types\/product"}],"replies":[{"embeddable":true,"href":"https:\/\/collagenshot.ro\/it\/wp-json\/wp\/v2\/comments?post=1304"}],"wp:featuredmedia":[{"embeddable":true,"href":"https:\/\/collagenshot.ro\/it\/wp-json\/wp\/v2\/media\/1306"}],"wp:attachment":[{"href":"https:\/\/collagenshot.ro\/it\/wp-json\/wp\/v2\/media?parent=1304"}],"wp:term":[{"taxonomy":"product_brand","embeddable":true,"href":"https:\/\/collagenshot.ro\/it\/wp-json\/wp\/v2\/product_brand?post=1304"},{"taxonomy":"product_cat","embeddable":true,"href":"https:\/\/collagenshot.ro\/it\/wp-json\/wp\/v2\/product_cat?post=1304"},{"taxonomy":"product_tag","embeddable":true,"href":"https:\/\/collagenshot.ro\/it\/wp-json\/wp\/v2\/product_tag?post=1304"}],"curies":[{"name":"wp","href":"https:\/\/api.w.org\/{rel}","templated":true}]}}